{"id":565128,"date":"2017-11-16T16:35:45","date_gmt":"2017-11-16T15:35:45","guid":{"rendered":"https:\/\/www.findartdoc.com\/tacit-subscription-system-2\/"},"modified":"2017-12-06T17:29:59","modified_gmt":"2017-12-06T16:29:59","slug":"tacit-subscription-system-2","status":"publish","type":"page","link":"https:\/\/www.artchives-doc.com\/en\/tacit-subscription-system-2\/","title":{"rendered":"Legals mentions"},"content":{"rendered":"<p>[et_pb_section bb_built=&#8221;1&#8243;][et_pb_row][et_pb_column type=&#8221;4_4&#8243;][et_pb_text _builder_version=&#8221;3.0.90&#8243; background_layout=&#8221;light&#8221;]<br \/>\n<b><i>EDITEUR :\u00a0<\/i><\/b><\/p>\n<p>INTERNET ART SOLUTIONS, soci\u00e9t\u00e9 \u00e0 responsabilit\u00e9 limit\u00e9e au capital de 1 500 \u20ac<\/p>\n<p>RCS de Paris n\u00b0 539 998 328<\/p>\n<p>Si\u00e8ge social : 3 rue Bonaparte 75006 Paris<\/p>\n<p>Num\u00e9ro de TVA intracommunautaire : Fr13\u00a0539 998 328 00014<\/p>\n<p>Email : service-client@findartdoc.com<\/p>\n<p>Publication Director: Monsieur Arnaud Plaisance<\/p>\n<p><b><i>Hosting :\u00a0<\/i><\/b><\/p>\n<p>OVH<\/p>\n<p>Si\u00e8ge social : 2 rue Kellermann &#8211; 59100 Roubaix &#8211; France<\/p>\n<p><strong>DESIGN &amp; REALIZATION<\/strong><\/p>\n<ul>\n<li>Project management -: Pierre Brihat &#8211; 104 bd de charonne &#8211; 75020 &#8211; Paris &#8211; <a href=\"http:\/\/www.pierrebrihat.com\" target=\"_blank\" rel=\"noopener\">http:\/\/www.pierrebrihat.com<\/a><\/li>\n<li>Developement : Fred Pastel &#8211;\u00a03 G\u00eetes Ruraux &#8211;\u00a084390 &#8211; Saint Christol d\u2019Albion-\u00a0<a href=\"http:\/\/www.frederic-pastel.com\" target=\"_blank\" rel=\"noopener\">http:\/\/www.frederic-pastel.com<\/a><\/li>\n<\/ul>\n<p>[\/et_pb_text][\/et_pb_column][\/et_pb_row][\/et_pb_section]<\/p>\n","protected":false},"excerpt":{"rendered":"<p><div class=\"et_pb_row et_pb_row_0 et_pb_row_empty\">\n\t\t\t\t\n\t\t\t\t\n\t\t\t\t\n\t\t\t\t\n\t\t\t\t\n\t\t\t<\/div> EDITEUR :\u00a0 INTERNET ART SOLUTIONS, soci\u00e9t\u00e9 \u00e0 responsabilit\u00e9 limit\u00e9e au capital de 1 500 \u20ac RCS de Paris n\u00b0 539 998 328 Si\u00e8ge social : 3 rue Bonaparte 75006 Paris Num\u00e9ro de TVA intracommunautaire : Fr13\u00a0539 998 328 00014 Email : service-client@findartdoc.com Publication Director: Monsieur Arnaud Plaisance Hosting :\u00a0 OVH Si\u00e8ge social : 2 [&hellip;]<\/p>\n","protected":false},"author":3,"featured_media":0,"parent":0,"menu_order":0,"comment_status":"closed","ping_status":"closed","template":"","meta":{"_et_pb_use_builder":"on","_et_pb_old_content":"<div class=\"page\" title=\"Page 1\"><div class=\"section\"><div class=\"layoutArea\"><div class=\"column\"><p>SYSTEME DE RECONDUCTION TACITE<\/p><\/div><\/div><\/div><div class=\"section\">\u00a0<\/div><div class=\"section\"><div class=\"layoutArea\"><div class=\"column\"><p>1. Abonnement initial<\/p><\/div><\/div><\/div><div class=\"section\">\u00a0<\/div><div class=\"section\"><div class=\"section\"><div class=\"layoutArea\"><div class=\"column\"><p>L\u2019utilisateur s\u2019inscrit sur le site<\/p><\/div><\/div><\/div><div class=\"section\"><div class=\"layoutArea\"><div class=\"column\"><p>www.findartdoc.com<\/p><\/div><\/div><\/div><div class=\"section\"><div class=\"layoutArea\"><div class=\"column\"><p>puis est redirig\u00e9 \u00e0 un moment donn\u00e9 sur le site internet de Paypal pour autoriser les paiements pr\u00e9approuv\u00e9 s.<\/p><\/div><\/div><\/div><\/div><div class=\"section\">\u00a0<\/div><div class=\"section\"><div class=\"layoutArea\"><div class=\"column\"><p>Une fois l\u2019inscription finalis\u00e9e, il re\u00e7oit le jour m\u00eame un courriel, lui indiquant (en substance) :<\/p><\/div><\/div><\/div><div class=\"section\">\u00a0<\/div><div class=\"section\"><div class=\"section\"><div class=\"layoutArea\"><div class=\"column\"><p>\u00ab F\u00e9licitations, votre abonnement au site<\/p><\/div><\/div><\/div><div class=\"section\"><div class=\"layoutArea\"><div class=\"column\"><p>www.findartdoc.com<\/p><\/div><\/div><\/div><div class=\"section\"><div class=\"layoutArea\"><div class=\"column\"><p>est confirm\u00e9.<\/p><\/div><\/div><\/div><\/div><div class=\"section\">\u00a0<\/div><div class=\"section\"><div class=\"layoutArea\"><div class=\"column\"><p>Vous pouvez d\u00e8s \u00e0 pr\u00e9sent acc\u00e9d er \u00e0 la biblioth\u00e8que num\u00e9rique et consulter les ouvrages disponibles en vous connectant \u00e0 votre compte FAD.<\/p><\/div><\/div><\/div><div class=\"section\">\u00a0<\/div><div class=\"section\"><div class=\"layoutArea\"><div class=\"column\"><p>Votre facture est disponible sur votre compte FAD\/Paypal.<\/p><\/div><\/div><\/div><div class=\"section\">\u00a0<\/div><div class=\"section\"><div class=\"layoutArea\"><div class=\"column\"><p>Rappel : votre abonnement sera reconduit tacitement par p\u00e9riodes successives mensuelles . Vous avez la possibilit\u00e9 de ne pas reconduire votre abonnement en suivant les instructions disponibles sur votre compte FAD, onglet r\u00e9siliation. Vous pouvez opter pour la non - reconduction \u00e0 tout moment, jusqu\u2019au dernier jour de votre abonnement mensuel e n cours jusqu\u2019\u00e0 minuit.<\/p><\/div><\/div><\/div><div class=\"section\">\u00a0<\/div><div class=\"section\"><div class=\"layoutArea\"><div class=\"column\"><p>Nous vous remercions de votre confiance \u00bb.<\/p><\/div><\/div><\/div><div class=\"section\">\u00a0<\/div><div class=\"section\"><div class=\"layoutArea\"><div class=\"column\"><p>Il conviendrait en effet que chaque utilisateur puisse acc\u00e9der via son compte FAD \u00e0 un onglet \u00ab r\u00e9siliation \u00bb qui lui explique la marche \u00e0 suivre : connexion \u00e0 son compte Paypal et d\u00e9sac tivation de l\u2019autorisation des paiements pr\u00e9approuv\u00e9s.<\/p><\/div><\/div><\/div><div class=\"section\">\u00a0<\/div><div class=\"section\"><div class=\"layoutArea\"><div class=\"column\"><p>2. Reconduction tacite<\/p><\/div><\/div><\/div><div class=\"section\">\u00a0<\/div><div class=\"section\"><div class=\"layoutArea\"><div class=\"column\"><p>- A la fin de la p\u00e9riode mensuelle en cours, soit le 15 d\u00e9cembre 2017 \u00e0 minuit (pour un abonnement souscrit le 15 novembre 2017) :<\/p><\/div><\/div><\/div><div class=\"section\">\u00a0<\/div><div class=\"section\"><div class=\"layoutArea\"><div class=\"column\"><p>o soit l\u2019utilisateur a opt\u00e9 pour la non - reconductio n en suspendant son autorisation de paiements pr\u00e9approuv\u00e9s : dans ce cas, il faut s\u2019assurer que Paypal vous informe bien d\u2019une telle suspension, ce qui vous permettra de d\u00e9sactiver le compte de l\u2019utilisateur \u00e0 compter du 16 d\u00e9cembre 2017 ;<\/p><\/div><\/div><\/div><div class=\"section\">\u00a0<\/div><div class=\"section\"><div class=\"layoutArea\"><div class=\"column\"><p>o soit l\u2019utilisat eur n\u2019a rien fait : il re\u00e7oit alors un courriel le 16 d\u00e9cembre 2017 :<\/p><\/div><\/div><\/div><div class=\"section\">\u00a0<\/div><div class=\"section\"><div class=\"section\"><div class=\"layoutArea\"><div class=\"column\"><p>\u00ab F\u00e9licitations, votre abonnement au site<\/p><\/div><\/div><\/div><div class=\"section\"><div class=\"layoutArea\"><div class=\"column\"><p>www.findartdoc.com<\/p><\/div><\/div><\/div><div class=\"section\"><div class=\"layoutArea\"><div class=\"column\"><p>est renouvel\u00e9.<\/p><\/div><\/div><\/div><\/div><div class=\"section\">\u00a0<\/div><div class=\"section\"><div class=\"layoutArea\"><div class=\"column\"><p>Vous pouvez d\u00e8s \u00e0 pr\u00e9sent retrouver la biblioth\u00e8que num\u00e9rique et c onsulter les ouvrages disponibles en vous connectant \u00e0 votre compte FAD.<\/p><\/div><\/div><\/div><div class=\"section\">\u00a0<\/div><div class=\"section\"><div class=\"layoutArea\"><div class=\"column\"><p>Votre facture est disponible sur votre compte FAD\/Paypal .<\/p><\/div><\/div><\/div><div class=\"section\">\u00a0<\/div><div class=\"section\"><div class=\"layoutArea\"><div class=\"column\"><p>Rappel : votre abonnement sera reconduit tacitement par p\u00e9riodes successives mensuelles. Vous avez la possibilit\u00e9 de ne pas reconduire votre abonnement en suivant les instructions disponibles sur votre compte FAD, onglet r\u00e9siliation. Vous pouvez opter pour la non - reconduction \u00e0 tout moment, jusqu\u2019au dernier jour de votre abonnement mensuel en cours jusqu\u2019\u00e0 minuit.<\/p><\/div><\/div><\/div><div class=\"section\">\u00a0<\/div><div class=\"section\"><div class=\"layoutArea\"><div class=\"column\"><p>Nous vous remercions de votre confiance \u00bb.<\/p><\/div><\/div><\/div><div class=\"section\">\u00a0<\/div><div class=\"section\">\u00a0<\/div><\/div>","_et_gb_content_width":"","footnotes":""},"class_list":["post-565128","page","type-page","status-publish","hentry"],"_links":{"self":[{"href":"https:\/\/www.artchives-doc.com\/en\/wp-json\/wp\/v2\/pages\/565128","targetHints":{"allow":["GET"]}}],"collection":[{"href":"https:\/\/www.artchives-doc.com\/en\/wp-json\/wp\/v2\/pages"}],"about":[{"href":"https:\/\/www.artchives-doc.com\/en\/wp-json\/wp\/v2\/types\/page"}],"author":[{"embeddable":true,"href":"https:\/\/www.artchives-doc.com\/en\/wp-json\/wp\/v2\/users\/3"}],"replies":[{"embeddable":true,"href":"https:\/\/www.artchives-doc.com\/en\/wp-json\/wp\/v2\/comments?post=565128"}],"version-history":[{"count":0,"href":"https:\/\/www.artchives-doc.com\/en\/wp-json\/wp\/v2\/pages\/565128\/revisions"}],"wp:attachment":[{"href":"https:\/\/www.artchives-doc.com\/en\/wp-json\/wp\/v2\/media?parent=565128"}],"curies":[{"name":"wp","href":"https:\/\/api.w.org\/{rel}","templated":true}]}}