{"id":565095,"date":"2017-11-16T15:42:53","date_gmt":"2017-11-16T14:42:53","guid":{"rendered":"https:\/\/www.findartdoc.com\/your-schedule-by-month-new-insertions\/"},"modified":"2017-11-17T09:06:00","modified_gmt":"2017-11-17T08:06:00","slug":"your-schedule-by-month-new-insertions","status":"publish","type":"page","link":"https:\/\/www.artchives-doc.com\/en\/your-schedule-by-month-new-insertions\/","title":{"rendered":"Your schedule, by month, new insertions."},"content":{"rendered":"<p>[et_pb_section bb_built=&#8221;1&#8243; fullwidth=&#8221;on&#8221; specialty=&#8221;off&#8221; background_color=&#8221;#e8e8e8&#8243; inner_shadow=&#8221;on&#8221; _builder_version=&#8221;3.0.82&#8243; box_shadow_position=&#8221;outer&#8221;][et_pb_fullwidth_header admin_label=&#8221;Fullwidth Header&#8221; title=&#8221;Your schedule, month by month, new insertions.&#8221; background_layout=&#8221;light&#8221; text_orientation=&#8221;left&#8221; _builder_version=&#8221;3.0.82&#8243; header_fullscreen=&#8221;off&#8221; header_scroll_down=&#8221;off&#8221; image_orientation=&#8221;center&#8221; content_orientation=&#8221;center&#8221; custom_button_two=&#8221;off&#8221; button_two_icon_placement=&#8221;right&#8221; custom_button_one=&#8221;off&#8221; button_one_icon_placement=&#8221;right&#8221; box_shadow_position_button_two=&#8221;outer&#8221; box_shadow_position_button_one=&#8221;outer&#8221; max_width_tablet=&#8221;50px&#8221; box_shadow_position=&#8221;outer&#8221; background_overlay_color=&#8221;#f4f4f4&#8243; title_font=&#8221;|on|||&#8221; title_text_align=&#8221;center&#8221; subhead=&#8221;Journals &#8211; General titles &#8211; Catalogs of sales and exhibitions &#8211; Monographs &#8230;&#8221; content_text_align=&#8221;center&#8221; subhead_text_align=&#8221;center&#8221; \/][\/et_pb_section][et_pb_section bb_built=&#8221;1&#8243; fullwidth=&#8221;off&#8221; specialty=&#8221;on&#8221;][et_pb_column type=&#8221;3_4&#8243; specialty_columns=&#8221;3&#8243;][et_pb_row_inner _builder_version=&#8221;3.0.82&#8243; box_shadow_position=&#8221;outer&#8221;][et_pb_column_inner type=&#8221;4_4&#8243; saved_specialty_column_type=&#8221;3_4&#8243;][et_pb_text _builder_version=&#8221;3.0.89&#8243; background_layout=&#8221;light&#8221; border_style=&#8221;solid&#8221; text_text_color=&#8221;#000000&#8243; header_text_color=&#8221;#e00f04&#8243; text_font_size=&#8221;15&#8243;]<\/p>\n<h1><strong>December 2017 :<\/strong><\/h1>\n<p>[\/et_pb_text][et_pb_divider _builder_version=&#8221;3.0.82&#8243; show_divider=&#8221;on&#8221; color=&#8221;#e02b20&#8243; divider_style=&#8221;solid&#8221; divider_position=&#8221;top&#8221; box_shadow_position=&#8221;outer&#8221; \/][et_pb_text _builder_version=&#8221;3.0.89&#8243; background_layout=&#8221;light&#8221; border_style=&#8221;solid&#8221; header_font=&#8221;|on|||&#8221; header_text_color=&#8221;#e02b20&#8243; text_line_height=&#8221;1em&#8221; border_style_all=&#8221;solid&#8221;]<\/p>\n<h2><strong>November 2017 Opening :<\/strong><\/h2>\n<p>&nbsp;<\/p>\n<p><strong>JOURNALS :<\/strong><\/p>\n<p>&#8211; Art d\u2019Aujourd\u2019hui (1949-1954): <em>du premier num\u00e9ro de Juin 1949 au <\/em><em>dernier num\u00e9ro de d\u00e9cembre 1954<\/em>.\u00a0Revue compl\u00e8te de 36 parutions.<\/p>\n<p>&#8211; Art et D\u00e9coration (1\u00e8re p\u00e9riode de 1897 \u00e0 1939):\u00a0<em>du premier num\u00e9ro de janvier 1897 \u00e0 d\u00e9cembre 1904, de janvier 1913 \u00e0 juillet 1914 et de mai 1919 \u00e0 avril 1939 sauf les num\u00e9ros de juin et septembre 1932, septembre 1933, d\u00e9cembre 1935, mars et d\u00e9cembre 1937.<\/em><\/p>\n<p>&#8211; Art et Industrie (1909-1914) : <em>du premier num\u00e9ro de juillet 1909 au <\/em><em>dernier num\u00e9ro de d\u00e9cembre 1913<\/em>.\u00a0Revue compl\u00e8te de 54 \u00a0parutions. L&#8217;ann\u00e9e 1914 sera disponible courant du mois de d\u00e9cembre.<\/p>\n<p>&#8211; Art et Industrie (1925-1954) : <em>du premier num\u00e9ro de novembre 1925 au <\/em><em>dernier num\u00e9ro de juillet 1954<\/em>.\u00a0Revue compl\u00e8te de 149 \u00a0parutions.<\/p>\n<p>&#8211; Aujourd&#8217;hui Art et Architecture (1955-1967) : <em>du premier num\u00e9ro de janvier 1955 au <\/em><em>dernier num\u00e9ro de octobre 1967<\/em>.\u00a0Revue compl\u00e8te de 54 sur 55 \u00e0 l&#8217;exception du N\u00b09 de juillet 1956..<\/p>\n<p>&#8211; Formes :\u00a0 <em>du premier num\u00e9ro de d\u00e9cembre 1929 au <\/em><em>dernier num\u00e9ro de mai\/juin 1933<\/em>.\u00a0Revue compl\u00e8te de 31 parutions.<\/p>\n<p>&#8211; L&#8217;Amour de l\u2019Art (1920-1953): <i>246 parutions. Complet \u00e0 l&#8217;exception de mars et novembre 1930, mai 1933 , ainsi que quelques num\u00e9ros entre 1947 et 1953.<\/i><\/p>\n<p>&#8211; L&#8217;Art D\u00e9coratif Magazine (1898-1914) : <em>du premier num\u00e9ro d&#8217;octobre 1898 \u00e0 d\u00e9cembre 1909 complet. Premier semestre 1912 complet.<\/em><\/p>\n<p>&#8211; L&#8217;Art Vivant (1925-1939) : <i>en cours d&#8217;insertion<\/i><\/p>\n<p>&#8211; La renaissance de l&#8217;art fran\u00e7ais et des industries de luxe: Quelques N\u00b0s de 1919 et 1920 en ligne.<\/p>\n<p>&#8211; Le D\u00e9cor d\u2019Aujourd\u2019hui (1933-): <em>du premier num\u00e9ro de octobre 1933 au N\u00b037 de 1946 sauf les num\u00e9ros 3, 4, 5, 6, 7, 9, 10, 11 et 12.<\/em><\/p>\n<p>&#8211; Les Echos d\u2019Art : du premier num\u00e9ro d&#8217;avril 1925 au dernier num\u00e9ro de d\u00e9cembre 1931 \u00e0 l&#8217;exception des N\u00b059 de\u00a0<em>juin 1930 et N\u00b065 de d\u00e9cembre 1930. 75 num\u00e9ros en ligne.<br \/>\n<\/em><\/p>\n<p><strong>GENERAL WORKS:<\/strong><\/p>\n<p>&#8211; Encyclop\u00e9die des Arts D\u00e9coratifs et Industriels Modernes au XX\u00e9m\u00e9 si\u00e8le: <em>11 volumes<\/em><\/p>\n<p>&#8211; Editions A.Calavas &#8211; Librairie des Arts D\u00e9coratifs\u00a0: Paris 1928 &#8211; L&#8217;Art d\u00e9coratif \u00e0 Paris 1929 &#8211; L&#8217;exposition de Paris 1937<\/p>\n<p>&#8211; Editions Albert Levy\u00a0: Croquis de Ruhlmann 1924 &#8211; Etoffes imprim\u00e9es et papiers peints 1924 &#8211; Int\u00e9rieurs I et II de 1924, III de 1925 et IV de 1926 &#8211; Etoffes et tapis \u00e9trangers 1925 &#8211; Tapis 1925 &#8211; Int\u00e9rieurs en couleur France 1926 &#8211; L&#8217;H\u00f4tel du collectionneur 1926 &#8211; La ferronnerie I de 1926 et II de 1929 &#8211; R\u00e9pertoire du go\u00fbt moderne I \u00e0 V &#8211; Nouvelles boutiques Fa\u00e7ades et Int\u00e9rieurs 1929<\/p>\n<p>&#8211; Editions Albert Moranc\u00e9\u00a0: Harmonies Int\u00e9rieurs de Ruhlmann 1924 &#8211; Int\u00e9rieurs de Sue et Mare 1924 &#8211; L&#8217;art d&#8217;aujourd&#8217;hui volume I \u00e0 VI 1924-1929 &#8211; Encyclop\u00e9die des m\u00e9tiers d&#8217;art D\u00e9coration moderne T. I et II 1929 et D\u00e9coration de style T. I &#8211; Grandes constructions B\u00e9ton arm\u00e9 Acier et Verre ca. 1930 &#8211; Frank Lloyd Wright 1930 &#8211; Le Corbusier Oeuvres plastiques 1938<\/p>\n<p>&#8211; Editions Alexis Sinjon\u00a0: Int\u00e9rieurs modernes et rustiques 1928 &#8211; Sculptures et d\u00e9tails d&#8217;architecture moderne T2 1928 &#8211; Nouvelles fa\u00e7ades et d\u00e9tails d&#8217;architecture 1929 &#8211; Nouvelles ecoles en France 1931 &#8211; Chemin\u00e9es modernes et rustiques 1935 &#8211; La menuiserie moderne Bois 1935 &#8211; Le mobilier religieux moderne 1935<\/p>\n<p>&#8211; Editions Armand Gu\u00e9rinet\u00a0: L&#8217;art d\u00e9coratif aux expositions des beaux-Arts 1901 s\u00e9rie 2 &#8211; 1902 vol. 1 et 2 &#8211; 1903 vol. 1 et 2 &#8211; 1910 vol. 1<\/p>\n<p>&#8211; Editions d&#8217;Art Charles Moreau\u00a0: Jardins 1925 &#8211; L&#8217;architecture \u00e9trang\u00e8re 1925 &#8211; L&#8217;architecture officielle et les pavillons 1925 &#8211; Le luminaire et les moyens d&#8217;\u00e9clairage nouveaux vol. 1 1925, vol.2 1929 &#8211; Une ambassade fran\u00e7aise 1925 &#8211; Int\u00e9rieurs au salon des artistes d\u00e9corateurs 1926 1927 1928 1929 &#8211; L&#8217;art international d&#8217;aujourd&#8217;hui vol. 1 Grandes constructions , vol. 2 Grandes constructions , vol. 3 Maisons d&#8217;habitations , vol. 4 Terrasses et jardins , vol. 5 D\u00e9tails d&#8217;architecture int\u00e9rieure , vol. 6 Int\u00e9rieurs , vol. 7 Meubles , vol. 8 Boutiques et magasins , vol. 9 Le m\u00e9tal , vol. 10 Le verre , vol. 11 Objets d&#8217;art , vol. 13 Sculpture , vol. 14 Objets Usuels , vol.16 Bijoux et orf\u00e9vrerie , vol. 17 Reliures &#8211; Le luminaire moderne 1937 &#8211; Architecture internationale moderne 1930 &#8211; Vitraux modernes 1937<\/p>\n<p>&#8211; Hector Guimard &#8211; Le castel B\u00e9ranger 1898<\/p>\n<p>[\/et_pb_text][\/et_pb_column_inner][\/et_pb_row_inner][\/et_pb_column][et_pb_column type=&#8221;1_4&#8243;][et_pb_sidebar admin_label=&#8221;Sidebar&#8221; orientation=&#8221;right&#8221; background_layout=&#8221;light&#8221; \/][\/et_pb_column][\/et_pb_section]<\/p>\n","protected":false},"excerpt":{"rendered":"<p>December 2017 : November 2017 Opening : &nbsp; JOURNALS : &#8211; Art d\u2019Aujourd\u2019hui (1949-1954): du premier num\u00e9ro de Juin 1949 au dernier num\u00e9ro de d\u00e9cembre 1954.\u00a0Revue compl\u00e8te de 36 parutions. &#8211; Art et D\u00e9coration (1\u00e8re p\u00e9riode de 1897 \u00e0 1939):\u00a0du premier num\u00e9ro de janvier 1897 \u00e0 d\u00e9cembre 1904, de janvier 1913 \u00e0 juillet 1914 et [&hellip;]<\/p>\n","protected":false},"author":5,"featured_media":0,"parent":0,"menu_order":0,"comment_status":"closed","ping_status":"closed","template":"","meta":{"_et_pb_use_builder":"on","_et_pb_old_content":"","_et_gb_content_width":"","footnotes":""},"class_list":["post-565095","page","type-page","status-publish","hentry"],"_links":{"self":[{"href":"https:\/\/www.artchives-doc.com\/en\/wp-json\/wp\/v2\/pages\/565095","targetHints":{"allow":["GET"]}}],"collection":[{"href":"https:\/\/www.artchives-doc.com\/en\/wp-json\/wp\/v2\/pages"}],"about":[{"href":"https:\/\/www.artchives-doc.com\/en\/wp-json\/wp\/v2\/types\/page"}],"author":[{"embeddable":true,"href":"https:\/\/www.artchives-doc.com\/en\/wp-json\/wp\/v2\/users\/5"}],"replies":[{"embeddable":true,"href":"https:\/\/www.artchives-doc.com\/en\/wp-json\/wp\/v2\/comments?post=565095"}],"version-history":[{"count":0,"href":"https:\/\/www.artchives-doc.com\/en\/wp-json\/wp\/v2\/pages\/565095\/revisions"}],"wp:attachment":[{"href":"https:\/\/www.artchives-doc.com\/en\/wp-json\/wp\/v2\/media?parent=565095"}],"curies":[{"name":"wp","href":"https:\/\/api.w.org\/{rel}","templated":true}]}}